{"id":278,"date":"2023-05-21T18:34:54","date_gmt":"2023-05-21T18:34:54","guid":{"rendered":"https:\/\/lsv-p4f.de\/?page_id=278"},"modified":"2023-06-20T14:00:55","modified_gmt":"2023-06-20T14:00:55","slug":"eu-mercosur-kein-deal-fuer-klima-landwirtschaft-mobilisierung","status":"publish","type":"page","link":"https:\/\/lsv-p4f.de\/index.php\/eu-mercosur-kein-deal-fuer-klima-landwirtschaft-mobilisierung\/","title":{"rendered":"EU Mercosur KEIN DEAL f\u00fcr Klima &#038; Landwirtschaft \u270a Mobilisierung"},"content":{"rendered":"\n<h2 class=\"wp-block-heading\"><\/h2>\n\n\n\n<p><strong>Kommt in den WhatsApp-Vernetzungschat und findet Kontakte in eurer <\/strong><strong>N\u00e4he<\/strong>: <a href=\"https:\/\/chat.whatsapp.com\/D3fcZYfj21RCGlWeEikANy\">https:\/\/chat.whatsapp.com\/D3fcZYfj21RCGlWeEikANy<\/a><\/p>\n\n\n\n<p><\/p>\n\n\n\n<h2 class=\"wp-block-heading\">Macht mit beim Aktionstag am 26. Mai 2023! <\/h2>\n\n\n\n<p><em>Besondere Zeiten erfordern au\u00dfergew\u00f6hnliche B\u00fcndnisse!<\/em><\/p>\n\n\n\n<p>Es ist wieder da: das EU-Mercosur-Abkommen ist zur\u00fcck auf der politischen Agenda. F\u00fchrende Mercosur- und EU-Politiker*innen wollen das Abkommen m\u00f6glichst bald ratifizieren. Dabei lehnen weite Teile der Gesellschaft schon von Anfang an das Abkommen in seiner jetzigen Form ab, da gro\u00dfe Konzerne profitieren und dabei Mensch und Natur leiden.&nbsp;<\/p>\n\n\n\n<p>Protestiert daher am \ud83d\udcc6 26.5.2023 erstmals gemeinsam mit Landwirt:innen im B\u00fcndnis f\u00fcr Klimaschutz und gegen das sch\u00e4dliche Handelsabkommen EU-Mercosur. Um die breite Ablehnung in der Gesellschaft zu zeigen, brauchen wir neue Kooperationen, deshalb haben sich LSV, P4F und FFF zusammen getan und es rufen zum Auftakt zu diesem gemeinsamen Aktionstag mit dezentralen Aktionen in ganz Deutschland auf.&nbsp;<\/p>\n\n\n\n<p>Seid dabei und organisiert mit euren landwirtschaftlichen\/klimaaktivistischen Verb\u00fcndeten eine Aktion bei euch vor Ort.&nbsp;<\/p>\n\n\n\n<p>Ihr sucht Kontakt zu einer landwirtschaftlichen\/klimaaktivistischen Gruppe vor Ort? Nutzt gerne erst einmal eure lokalen Netzwerke, ansonsten versuchen wir euch hier weiter zu helfen: <a href=\"https:\/\/chat.whatsapp.com\/D3fcZYfj21RCGlWeEikANy\">https:\/\/chat.whatsapp.com\/D3fcZYfj21RCGlWeEikANy<\/a>&nbsp;<\/p>\n\n\n\n<p>Um m\u00f6glichst viele Aktionen deutschlandweit unkompliziert an den Start zu bekommen, haben wir ein kleines Aktionskit f\u00fcr euch zusammengestellt.<\/p>\n\n\n\n<p>Demobanner (2m oder 3m x 0,85m) k\u00f6nnt ihr bis zum 21.05.2023 f\u00fcr je 40 (2m) oder 50 (3m) Euro bei Weserflaggen info@WeserFlaggen.com bestellen. Schreibt in den Betreff \u201eEU-Mercosur Kein Deal f\u00fcr Klima &amp; Landwirtschaft\u201c und in die Anfrage Menge und Lieferadresse.<\/p>\n\n\n\n<p>Hier findet ihr eine Muster-PM f\u00fcr euch zum Einsatz vor Ort: <a href=\"https:\/\/docs.google.com\/document\/d\/11cgtAVID8LPtvQrCGCuFxf6sj0mplPOX7MnZf9ZgwzM\/edit#\">https:\/\/docs.google.com\/document\/d\/11cgtAVID8LPtvQrCGCuFxf6sj0mplPOX7MnZf9ZgwzM\/edit#<\/a>&nbsp;<\/p>\n\n\n\n<p>Wenn ihr eine Aktion machen wollt, meldet die bitte gerne an uns \u00fcber <a href=\"mailto:orga@lsv-p4f.de\">orga@lsv-p4f.de<\/a>! <\/p>\n\n\n\n<p>Macht Bilder und schickt sie an uns! Wirksame Aktionsbilder k\u00f6nnen sein: ein landwirtschaftliches Ger\u00e4t, das auf der Stra\u00dfe symbolisch festgeklebt wird, Traktoren mit Banner, viele Menschen mit Flaggen der Organisationen, und und und&#8230;&nbsp;<\/p>\n\n\n<div class=\"wp-block-image\">\n<figure class=\"aligncenter size-large is-resized\"><img loading=\"lazy\" decoding=\"async\" src=\"https:\/\/lsv-p4f.de\/wp-content\/uploads\/2023\/05\/image-1024x1024.png\" alt=\"\" class=\"wp-image-285\" width=\"653\" height=\"653\" srcset=\"https:\/\/lsv-p4f.de\/wp-content\/uploads\/2023\/05\/image-1024x1024.png 1024w, https:\/\/lsv-p4f.de\/wp-content\/uploads\/2023\/05\/image-300x300.png 300w, https:\/\/lsv-p4f.de\/wp-content\/uploads\/2023\/05\/image-150x150.png 150w, https:\/\/lsv-p4f.de\/wp-content\/uploads\/2023\/05\/image-768x768.png 768w, https:\/\/lsv-p4f.de\/wp-content\/uploads\/2023\/05\/image-1536x1536.png 1536w, https:\/\/lsv-p4f.de\/wp-content\/uploads\/2023\/05\/image.png 1600w\" sizes=\"(max-width: 653px) 100vw, 653px\" \/><figcaption class=\"wp-element-caption\">offizielles Sharepic zum Aktionstag (quadratisch)<\/figcaption><\/figure><\/div>\n\n<div class=\"wp-block-image\">\n<figure class=\"aligncenter size-large\"><img loading=\"lazy\" decoding=\"async\" width=\"1024\" height=\"435\" src=\"https:\/\/lsv-p4f.de\/wp-content\/uploads\/2023\/05\/image-1-1024x435.png\" alt=\"\" class=\"wp-image-286\" srcset=\"https:\/\/lsv-p4f.de\/wp-content\/uploads\/2023\/05\/image-1-1024x435.png 1024w, https:\/\/lsv-p4f.de\/wp-content\/uploads\/2023\/05\/image-1-300x128.png 300w, https:\/\/lsv-p4f.de\/wp-content\/uploads\/2023\/05\/image-1-768x326.png 768w, https:\/\/lsv-p4f.de\/wp-content\/uploads\/2023\/05\/image-1-1536x653.png 1536w, https:\/\/lsv-p4f.de\/wp-content\/uploads\/2023\/05\/image-1.png 1600w\" sizes=\"(max-width: 1024px) 100vw, 1024px\" \/><figcaption class=\"wp-element-caption\">Banner der Kooperation LSV + AbL + FFF + P4F<\/figcaption><\/figure><\/div>\n\n\n<p>Dieses B\u00fcndnis wird viele \u00fcberraschen und es lohnt sich daher an vielen Orten zu zeigen, wie der gemeinschaftliche Protest aussieht. Wir freuen uns auf den 26.5.2023! \ud83d\ude9c \ud83e\udef1\ud83c\udffb\u200d\ud83e\udef2\ud83c\udffc \ud83d\ude9c \ud83e\udef1\ud83c\udffb\u200d\ud83e\udef2\ud83c\udffc\ud83d\ude9c<\/p>\n","protected":false},"excerpt":{"rendered":"<p>Kommt in den WhatsApp-Vernetzungschat und findet Kontakte in eurer N\u00e4he: https:\/\/chat.whatsapp.com\/D3fcZYfj21RCGlWeEikANy Macht mit beim Aktionstag am 26. Mai 2023! Besondere Zeiten erfordern au\u00dfergew\u00f6hnliche B\u00fcndnisse! Es ist wieder da: das EU-Mercosur-Abkommen ist zur\u00fcck auf der politischen Agenda. F\u00fchrende Mercosur- und EU-Politiker*innen wollen das Abkommen m\u00f6glichst bald ratifizieren. Dabei lehnen weite Teile der Gesellschaft schon von Anfang an das Abkommen in seiner jetzigen Form ab, da gro\u00dfe Konzerne profitieren und dabei Mensch und Natur leiden.&nbsp; Protestiert daher am \ud83d\udcc6 26.5.2023 erstmals gemeinsam mit Landwirt:innen im B\u00fcndnis f\u00fcr Klimaschutz und gegen das sch\u00e4dliche Handelsabkommen EU-Mercosur. Um die breite Ablehnung in der Gesellschaft zu zeigen, brauchen wir neue Kooperationen, deshalb haben sich LSV, P4F und FFF zusammen getan und es rufen zum Auftakt zu diesem gemeinsamen Aktionstag mit dezentralen Aktionen in ganz Deutschland auf.&nbsp; Seid dabei und organisiert mit euren landwirtschaftlichen\/klimaaktivistischen Verb\u00fcndeten eine Aktion bei euch vor Ort.&nbsp; Ihr sucht Kontakt zu einer landwirtschaftlichen\/klimaaktivistischen&hellip;<\/p>\n<p> <a class=\"more-link\" href=\"https:\/\/lsv-p4f.de\/index.php\/eu-mercosur-kein-deal-fuer-klima-landwirtschaft-mobilisierung\/\">Read more<\/a><\/p>\n","protected":false},"author":1,"featured_media":328,"parent":0,"menu_order":0,"comment_status":"closed","ping_status":"closed","template":"","meta":{"footnotes":""},"_links":{"self":[{"href":"https:\/\/lsv-p4f.de\/index.php\/wp-json\/wp\/v2\/pages\/278"}],"collection":[{"href":"https:\/\/lsv-p4f.de\/index.php\/wp-json\/wp\/v2\/pages"}],"about":[{"href":"https:\/\/lsv-p4f.de\/index.php\/wp-json\/wp\/v2\/types\/page"}],"author":[{"embeddable":true,"href":"https:\/\/lsv-p4f.de\/index.php\/wp-json\/wp\/v2\/users\/1"}],"replies":[{"embeddable":true,"href":"https:\/\/lsv-p4f.de\/index.php\/wp-json\/wp\/v2\/comments?post=278"}],"version-history":[{"count":5,"href":"https:\/\/lsv-p4f.de\/index.php\/wp-json\/wp\/v2\/pages\/278\/revisions"}],"predecessor-version":[{"id":393,"href":"https:\/\/lsv-p4f.de\/index.php\/wp-json\/wp\/v2\/pages\/278\/revisions\/393"}],"wp:featuredmedia":[{"embeddable":true,"href":"https:\/\/lsv-p4f.de\/index.php\/wp-json\/wp\/v2\/media\/328"}],"wp:attachment":[{"href":"https:\/\/lsv-p4f.de\/index.php\/wp-json\/wp\/v2\/media?parent=278"}],"curies":[{"name":"wp","href":"https:\/\/api.w.org\/{rel}","templated":true}]}}