{"id":243,"date":"2023-05-13T20:02:04","date_gmt":"2023-05-13T20:02:04","guid":{"rendered":"https:\/\/lsv-p4f.de\/?page_id=243"},"modified":"2023-06-23T16:26:12","modified_gmt":"2023-06-23T16:26:12","slug":"eu-mercosur-kein-deal-fur-klima-landwirtschaft-presse","status":"publish","type":"page","link":"https:\/\/lsv-p4f.de\/index.php\/eu-mercosur-kein-deal-fur-klima-landwirtschaft-presse\/","title":{"rendered":"EU Mercosur KEIN DEAL f\u00fcr Klima &#038; Landwirtschaft \ud83d\udcf0 Pressematerial"},"content":{"rendered":"\n<p><em>Auf dieser Seite finden Sie f\u00fcr die Presse zusammengestelltes Material. <\/em><br><em>Zur Mobilisierungseite, die den Aufruf zum Mitmachen bei den n\u00e4chsten Aktionstagen enth\u00e4lt, geht es hier lang: <a href=\"https:\/\/lsv-p4f.de\/index.php\/eu-mercosur-kein-deal-fuer-klima-landwirtschaft-%e2%9c%8a-aktion\/\" data-type=\"page\" data-id=\"391\">Aktion<\/a><\/em><\/p>\n\n\n\n<h3 class=\"wp-block-heading\">Presseschau<\/h3>\n\n\n\n<p><em><strong>taz &#8211; die tageszeitung<\/strong><\/em><\/p>\n\n\n\n<p><a href=\"https:\/\/taz.de\/Allianz-gegen-Freihandelsabkommen\/!5933270\/\">https:\/\/taz.de\/Allianz-gegen-Freihandelsabkommen\/!5933270\/<\/a><\/p>\n\n\n\n<p><strong><em>land und forst<\/em><\/strong><\/p>\n\n\n\n<p><a href=\"https:\/\/www.landundforst.de\/landwirtschaft\/agrarpolitik\/fridays-for-future-landwirte-gemeinsam-gegen-mercosur-abkommen-569420\">https:\/\/www.landundforst.de\/landwirtschaft\/agrarpolitik\/fridays-for-future-landwirte-gemeinsam-gegen-mercosur-abkommen-569420<\/a><\/p>\n\n\n\n<p><em><strong>topagrar<\/strong><\/em> <strong><em>online<\/em><\/strong><br><a rel=\"noreferrer noopener\" href=\"https:\/\/www.topagrar.com\/management-und-politik\/news\/mercosur-abkommen-mitte-juli-unter-dach-und-fach-landwirte-besorgt-13390235.html\" target=\"_blank\">https:\/\/www.topagrar.com\/management-und-politik\/news\/mercosur-abkommen-mitte-juli-unter-dach-und-fach-landwirte-besorgt-13390235.html<\/a><\/p>\n\n\n\n<p><em><strong>topagrar<\/strong><\/em> <strong><em>Instagram Post<\/em><\/strong><br><a href=\"https:\/\/www.instagram.com\/p\/CsjOoihNx35\/?igshid=MTc4MmM1YmI2Ng==\">https:\/\/www.instagram.com\/p\/CsjOoihNx35\/?igshid=MTc4MmM1YmI2Ng==<\/a><\/p>\n\n\n\n<p><em><strong>nd aktuell<\/strong><\/em><br><a rel=\"noreferrer noopener\" href=\"https:\/\/www.nd-aktuell.de\/artikel\/1173426.freihandelsabkommen-eu-mercosur-abkommen-freihandel-auf-kosten-aller.html\" target=\"_blank\">https:\/\/www.nd-aktuell.de\/artikel\/1173426.freihandelsabkommen-eu-mercosur-abkommen-freihandel-auf-kosten-aller.html<\/a><\/p>\n\n\n\n<p><em><strong>agrarzeitung<\/strong><\/em><br><a rel=\"noreferrer noopener\" href=\"https:\/\/www.agrarzeitung.de\/nachrichten\/politik\/klima-und-landwirtschaft-fridays-for-future-kooperiert-mit-lsv-107080?crefresh=1\" target=\"_blank\">https:\/\/www.agrarzeitung.de\/nachrichten\/politik\/klima-und-landwirtschaft-fridays-for-future-kooperiert-mit-lsv-107080?crefresh=1<\/a><\/p>\n\n\n\n<p><strong><em>agrarheute<\/em><\/strong><br><a rel=\"noreferrer noopener\" href=\"https:\/\/www.agrarheute.com\/politik\/fridays-for-future-landwirte-gemeinsam-gegen-mercosur-abkommen-607093\" target=\"_blank\">https:\/\/www.agrarheute.com\/politik\/fridays-for-future-landwirte-gemeinsam-gegen-mercosur-abkommen-607093<\/a><\/p>\n\n\n\n<p><strong><em>pressenza (international press agency) Berlin<\/em><\/strong><br><a rel=\"noreferrer noopener\" href=\"https:\/\/www.pressenza.com\/de\/2023\/05\/gemeinsam-gegen-das-eu-mercosur-abkommen-gemeinsame-proteste-von-landwirtinnen-und-klimaaktivistinnen\/\" target=\"_blank\">https:\/\/www.pressenza.com\/de\/2023\/05\/gemeinsam-gegen-das-eu-mercosur-abkommen-gemeinsame-proteste-von-landwirtinnen-und-klimaaktivistinnen\/<\/a><\/p>\n\n\n\n<p><strong><em>Lokalteil Meppener Tagespost<\/em><\/strong><\/p>\n\n\n<div class=\"wp-block-image\">\n<figure class=\"aligncenter size-large\"><img loading=\"lazy\" decoding=\"async\" width=\"1024\" height=\"768\" src=\"https:\/\/lsv-p4f.de\/wp-content\/uploads\/2023\/05\/grafik-1024x768.png\" alt=\"\" class=\"wp-image-384\" srcset=\"https:\/\/lsv-p4f.de\/wp-content\/uploads\/2023\/05\/grafik-1024x768.png 1024w, https:\/\/lsv-p4f.de\/wp-content\/uploads\/2023\/05\/grafik-300x225.png 300w, https:\/\/lsv-p4f.de\/wp-content\/uploads\/2023\/05\/grafik-768x576.png 768w, https:\/\/lsv-p4f.de\/wp-content\/uploads\/2023\/05\/grafik-1536x1152.png 1536w, https:\/\/lsv-p4f.de\/wp-content\/uploads\/2023\/05\/grafik.png 1600w\" sizes=\"(max-width: 1024px) 100vw, 1024px\" \/><\/figure><\/div>\n\n\n<figure class=\"wp-block-embed is-type-rich is-provider-twitter wp-block-embed-twitter\"><div class=\"wp-block-embed__wrapper\">\n<blockquote class=\"twitter-tweet\" data-width=\"550\" data-dnt=\"true\"><p lang=\"de\" dir=\"ltr\">Wow!!! Ein mutiges B\u00fcndnis aus <a href=\"https:\/\/twitter.com\/hashtag\/Landwirtschaft?src=hash&amp;ref_src=twsrc%5Etfw\">#Landwirtschaft<\/a> &amp; <a href=\"https:\/\/twitter.com\/hashtag\/Klimaaktivismus?src=hash&amp;ref_src=twsrc%5Etfw\">#Klimaaktivismus<\/a> macht klar:<br><br>Das EU-<a href=\"https:\/\/twitter.com\/hashtag\/Mercosur?src=hash&amp;ref_src=twsrc%5Etfw\">#Mercosur<\/a>-Abkommen geh\u00f6rt gestoppt! \u270a\ud83d\ude9c\ud83c\udf0e<a href=\"https:\/\/twitter.com\/hashtag\/StopEUMercosur?src=hash&amp;ref_src=twsrc%5Etfw\">#StopEUMercosur<\/a><br>&#8211; ruiniert B\u00e4uer:innen hier &amp; weltweit<br>&#8211; versch\u00e4rft Konzernmacht<br>&#8211; gef\u00e4hrdet unsre Lebensgrundlage<br>Kurz: \ud83d\udca9 hoch 3! <br><br>Ein Thread [1\/7] <a href=\"https:\/\/t.co\/DhLBJ16zJ4\">pic.twitter.com\/DhLBJ16zJ4<\/a><\/p>&mdash; T.C. im Wandel (@TC_imWandel) <a href=\"https:\/\/twitter.com\/TC_imWandel\/status\/1660682467433496577?ref_src=twsrc%5Etfw\">May 22, 2023<\/a><\/blockquote><script async src=\"https:\/\/platform.twitter.com\/widgets.js\" charset=\"utf-8\"><\/script>\n<\/div><figcaption class=\"wp-element-caption\">Twitter Thread \u00fcber Mercosur und das neue B\u00fcndnis<\/figcaption><\/figure>\n\n\n\n<h3 class=\"wp-block-heading\"><strong>Hintergrund <\/strong><\/h3>\n\n\n\n<p>Auf unterschiedliche Art und Weise &#8211; so hat der 3. Klima Dialog von LSV und P4F es in seiner <a rel=\"noreferrer noopener\" href=\"https:\/\/lsv-p4f.de\/index.php\/mercosur-kein-deal-fuers-klima-und-unsere-landwirtschaft\/\" target=\"_blank\">Veranstaltung zum EU Mercosur Abkommen<\/a> auch dargestellt &#8211; widerspricht eine Ratifizierung des EU-Mercosur-Abkommen den Versprechungen des Schutzes der deutschen Landwirtschaft und von effektivem Klimaschutz. Ohne \u00dcberraschung wird das Abkommen in seiner jetzigen Form von weiten Teilen der Gesellschaft abgelehnt, da Gro\u00dfkonzerne profitieren und wieder einmal Mensch und Natur darunter leiden werden. Es ist weiterhin nicht abzusehen, dass eine \u00dcbereinstimmung des EU-Mercosur Abkommens mit dem Pariser Klimaabkommen in rechtlich abgesicherter Form sichergestellt ist, im Gegenteil.<\/p>\n\n\n\n<figure class=\"wp-block-image size-large\"><img loading=\"lazy\" decoding=\"async\" width=\"1024\" height=\"255\" src=\"https:\/\/lsv-p4f.de\/wp-content\/uploads\/2023\/05\/WhatsApp-Bild-2023-05-12-um-11.25.48-1024x255.jpg\" alt=\"\" class=\"wp-image-244\" srcset=\"https:\/\/lsv-p4f.de\/wp-content\/uploads\/2023\/05\/WhatsApp-Bild-2023-05-12-um-11.25.48-1024x255.jpg 1024w, https:\/\/lsv-p4f.de\/wp-content\/uploads\/2023\/05\/WhatsApp-Bild-2023-05-12-um-11.25.48-300x75.jpg 300w, https:\/\/lsv-p4f.de\/wp-content\/uploads\/2023\/05\/WhatsApp-Bild-2023-05-12-um-11.25.48-768x192.jpg 768w, https:\/\/lsv-p4f.de\/wp-content\/uploads\/2023\/05\/WhatsApp-Bild-2023-05-12-um-11.25.48-1536x383.jpg 1536w, https:\/\/lsv-p4f.de\/wp-content\/uploads\/2023\/05\/WhatsApp-Bild-2023-05-12-um-11.25.48.jpg 1600w\" sizes=\"(max-width: 1024px) 100vw, 1024px\" \/><figcaption class=\"wp-element-caption\">Banner der Kooperation LSV + P4F + AbL + FFF<\/figcaption><\/figure>\n\n\n\n<p>Da hier zwei Themenkomplexe zusammentreffen, die von unterschiedlichen Gerechtigkeitsgruppierungen bedient werden, kam schnell und unkompliziert eine Kooperation zustande, die<strong> zum Auftakt in einem gemeinsam organisierten Aktionstag resultierte<\/strong>. Beide Seiten waren sich schnell einig, dass die Ziele &#8211; der Schutz von Natur und Umwelt aber auch des landwirtschaftlichen Wirtschaftens in kleinen bis mittleren Betrieben &#8211; B\u00fcndnisse erforderlich machen. Auf Seiten der Landwirtschaft sind die <strong><em>Arbeitsgemeinschaft b\u00e4uerliche Arbeitsgemeinschaft<\/em> (AbL) <\/strong>und der Verein <strong><em>Landwirtschaft verbindet Deutschland e.V.<\/em> (LSV)<\/strong> dabei. Die Klimagerechtigkeitsbewegung ist vertreten mittels <strong><em>Fridays for Future Germany<\/em> (FFF) <\/strong>und <strong><em>Parents for Future Germany<\/em> (P4F)<\/strong>.<\/p>\n\n\n\n<p>An unterschiedlichen Orten in ganz Deutschland verteilt wird zu einem gemeinsamen <strong>Aktionstag am 26.05.2023<\/strong> Landwirt:innen und Klimaaktivist:innen aufgerufen. Mit gemeinsamen Aktionen gegen das EU-Mercosur-Abkommen finden Demonstrationen statt. So zum Beispiel in Bonn vor dem Bundesministerium f\u00fcr Ern\u00e4hrung und Landwirtschaft. [+ Hannover]<\/p>\n\n\n\n<p>Die Organisationen lehnen das Abkommen in der jetzigen Form ab, da es industrielle Landwirtschaft in allen Vertragsl\u00e4ndern f\u00f6rdert und dadurch nachhaltige Landwirtschaftsformen, Umwelt und globales Klima zerst\u00f6rt.&nbsp;<\/p>\n\n\n\n<p>In Berlin fand am 22.05.2023 um 10.00 Uhr in der Luisenstra\u00dfe 19, 10117 Berlin eine Pressekonferenz der Kooperationspartner statt mit Vertreter:innen aller beteiligten Organisationen, u.a. mit Luisa Neubauer (FFF), Tobias Schied (FFF), Charlotte Gengenbach (AbL), Paula Gioia (AbL), Matthias Everinghoff (LSVD) und Malte Kleinwort (P4F).<\/p>\n\n\n\n<h3 class=\"wp-block-heading\">Stimmen aus den Bewegungen<\/h3>\n\n\n\n<blockquote class=\"wp-block-quote\">\n<p>Das EU-Mercosur-Abkommen muss gestoppt und neu verhandelt werden. Es steht fest in der Tradition eines Freihandels auf Kosten des Klimas, des Regenwaldes, der Menschen und eines zerst\u00f6rerischen und fossilen <em>Weiter so.<\/em><\/p>\n<cite>Tobias Scheid von FFF<\/cite><\/blockquote>\n\n\n\n<blockquote class=\"wp-block-quote\">\n<p>Wir Landwirte in Europa sollen die Ziele des Green Deal erreichen und die EU erm\u00f6glicht es unseren s\u00fcdamerikanischen Wettbewerbern leichter auf unseren Markt zu liefern. Das zerst\u00f6rt die Umwelt in S\u00fcdamerika, belastet das Klima und zerst\u00f6rt die Familienbetriebe in Europa.<\/p>\n<cite>Matthias Everinghoff von LSVD<\/cite><\/blockquote>\n\n\n\n<blockquote class=\"wp-block-quote\">\n<p>Die dringend notwendige Agrarwende ist mit dem EU-Mercosur-Abkommen nicht vereinbar. F\u00fcr eine lebenswerte Zukunft auch kommender Generationen stehen wir an der Seite der Landwirt:innen und lehnen mit ihnen dieses Abkommen im Geist des <em>Weiter so<\/em> entschieden ab.<\/p>\n<cite>Martina Winter von P4F<\/cite><\/blockquote>\n\n\n\n<blockquote class=\"wp-block-quote\">\n<p>Das EU-Mercosur-Abkommen gef\u00e4hrdet die Rechte von uns B\u00e4uerinnen und Bauern auf beiden Seiten des Atlantiks. Industriell erzeugte Fleischimporte dr\u00fccken die Preise nach unten und konterkarieren den Umbau der Tierhaltung in Deutschland, w\u00e4hrend billige Exporte b\u00e4uerliche Existenzen in den Mercosur-L\u00e4ndern zerst\u00f6ren. Wir brauchen stattdessen wertsch\u00f6pfende Preise f\u00fcr regional erzeugte Lebens- und Futtermittel hier und weltweit. Die Bundesregierung darf diesem sch\u00e4dlichen Abkommen nicht zustimmen, sondern muss sich stattdessen f\u00fcr die Umsetzung der UN-Bauernerkl\u00e4rung und eine wirksame Qualifizierung im Agrarhandel stark machen.<\/p>\n<cite>Paula Gioia von AbL<\/cite><\/blockquote>\n\n\n\n<h3 class=\"wp-block-heading\">Pressemitteilung<\/h3>\n\n\n\n<div data-wp-interactive=\"\" class=\"wp-block-file\"><object data-wp-bind--hidden=\"!selectors.core.file.hasPdfPreview\" hidden class=\"wp-block-file__embed\" data=\"https:\/\/lsv-p4f.de\/wp-content\/uploads\/2023\/05\/Pressemitteilung-zu-PK-am-22.05.2023-und-Aktionstag-am-26.05.2022.pdf\" type=\"application\/pdf\" style=\"width:100%;height:600px\" aria-label=\"Einbettung von Pressemitteilung-zu-PK-am-22.05.2023-und-Aktionstag-am-26.05.2022.\"><\/object><a id=\"wp-block-file--media-b9e53abf-a898-4d53-b17a-89f0a910c20a\" href=\"https:\/\/lsv-p4f.de\/wp-content\/uploads\/2023\/05\/Pressemitteilung-zu-PK-am-22.05.2023-und-Aktionstag-am-26.05.2022.pdf\">Pressemitteilung-zu-PK-am-22.05.2023-und-Aktionstag-am-26.05.2022<\/a><a href=\"https:\/\/lsv-p4f.de\/wp-content\/uploads\/2023\/05\/Pressemitteilung-zu-PK-am-22.05.2023-und-Aktionstag-am-26.05.2022.pdf\" class=\"wp-block-file__button wp-element-button\" download aria-describedby=\"wp-block-file--media-b9e53abf-a898-4d53-b17a-89f0a910c20a\">Herunterladen<\/a><\/div>\n\n\n\n<p>(Presse-)Anfragen jeglicher Art k\u00f6nnen gerichtet werden an: <a rel=\"noreferrer noopener\" href=\"mailto:orga@lsv-p4f.de\" target=\"_blank\">orga@lsv-p4f.de<\/a><\/p>\n\n\n\n<figure class=\"wp-block-gallery has-nested-images columns-default is-cropped wp-block-gallery-1 is-layout-flex wp-block-gallery-is-layout-flex\">\n<figure class=\"wp-block-image size-large\"><img loading=\"lazy\" decoding=\"async\" width=\"683\" height=\"1024\" data-id=\"323\" src=\"https:\/\/lsv-p4f.de\/wp-content\/uploads\/2023\/05\/PK-EU-Mercosur-230522-\u00a9-Joerg-Farys-10-683x1024.jpg\" alt=\"\" class=\"wp-image-323\" srcset=\"https:\/\/lsv-p4f.de\/wp-content\/uploads\/2023\/05\/PK-EU-Mercosur-230522-\u00a9-Joerg-Farys-10-683x1024.jpg 683w, https:\/\/lsv-p4f.de\/wp-content\/uploads\/2023\/05\/PK-EU-Mercosur-230522-\u00a9-Joerg-Farys-10-200x300.jpg 200w, https:\/\/lsv-p4f.de\/wp-content\/uploads\/2023\/05\/PK-EU-Mercosur-230522-\u00a9-Joerg-Farys-10-768x1152.jpg 768w, https:\/\/lsv-p4f.de\/wp-content\/uploads\/2023\/05\/PK-EU-Mercosur-230522-\u00a9-Joerg-Farys-10-1024x1536.jpg 1024w, https:\/\/lsv-p4f.de\/wp-content\/uploads\/2023\/05\/PK-EU-Mercosur-230522-\u00a9-Joerg-Farys-10-1365x2048.jpg 1365w, https:\/\/lsv-p4f.de\/wp-content\/uploads\/2023\/05\/PK-EU-Mercosur-230522-\u00a9-Joerg-Farys-10-scaled.jpg 1707w\" sizes=\"(max-width: 683px) 100vw, 683px\" \/><\/figure>\n\n\n\n<figure class=\"wp-block-image size-large\"><img loading=\"lazy\" decoding=\"async\" width=\"1024\" height=\"683\" data-id=\"324\" src=\"https:\/\/lsv-p4f.de\/wp-content\/uploads\/2023\/05\/PK-EU-Mercosur-230522-\u00a9-Joerg-Farys-5-1024x683.jpg\" alt=\"\" class=\"wp-image-324\" srcset=\"https:\/\/lsv-p4f.de\/wp-content\/uploads\/2023\/05\/PK-EU-Mercosur-230522-\u00a9-Joerg-Farys-5-1024x683.jpg 1024w, https:\/\/lsv-p4f.de\/wp-content\/uploads\/2023\/05\/PK-EU-Mercosur-230522-\u00a9-Joerg-Farys-5-300x200.jpg 300w, https:\/\/lsv-p4f.de\/wp-content\/uploads\/2023\/05\/PK-EU-Mercosur-230522-\u00a9-Joerg-Farys-5-768x512.jpg 768w, https:\/\/lsv-p4f.de\/wp-content\/uploads\/2023\/05\/PK-EU-Mercosur-230522-\u00a9-Joerg-Farys-5-1536x1025.jpg 1536w\" sizes=\"(max-width: 1024px) 100vw, 1024px\" \/><\/figure>\n\n\n\n<figure class=\"wp-block-image size-large\"><img loading=\"lazy\" decoding=\"async\" width=\"1024\" height=\"683\" data-id=\"321\" src=\"https:\/\/lsv-p4f.de\/wp-content\/uploads\/2023\/05\/PK-EU-Mercosur-230522-\u00a9-Joerg-Farys-7-1024x683.jpg\" alt=\"\" class=\"wp-image-321\" srcset=\"https:\/\/lsv-p4f.de\/wp-content\/uploads\/2023\/05\/PK-EU-Mercosur-230522-\u00a9-Joerg-Farys-7-1024x683.jpg 1024w, https:\/\/lsv-p4f.de\/wp-content\/uploads\/2023\/05\/PK-EU-Mercosur-230522-\u00a9-Joerg-Farys-7-300x200.jpg 300w, https:\/\/lsv-p4f.de\/wp-content\/uploads\/2023\/05\/PK-EU-Mercosur-230522-\u00a9-Joerg-Farys-7-768x512.jpg 768w, https:\/\/lsv-p4f.de\/wp-content\/uploads\/2023\/05\/PK-EU-Mercosur-230522-\u00a9-Joerg-Farys-7-1536x1025.jpg 1536w\" sizes=\"(max-width: 1024px) 100vw, 1024px\" \/><\/figure>\n\n\n\n<figure class=\"wp-block-image size-large\"><img loading=\"lazy\" decoding=\"async\" width=\"1024\" height=\"706\" data-id=\"320\" src=\"https:\/\/lsv-p4f.de\/wp-content\/uploads\/2023\/05\/PK-EU-Mercosur-230522-\u00a9-Joerg-Farys-9-1024x706.jpg\" alt=\"\" class=\"wp-image-320\" srcset=\"https:\/\/lsv-p4f.de\/wp-content\/uploads\/2023\/05\/PK-EU-Mercosur-230522-\u00a9-Joerg-Farys-9-1024x706.jpg 1024w, https:\/\/lsv-p4f.de\/wp-content\/uploads\/2023\/05\/PK-EU-Mercosur-230522-\u00a9-Joerg-Farys-9-300x207.jpg 300w, https:\/\/lsv-p4f.de\/wp-content\/uploads\/2023\/05\/PK-EU-Mercosur-230522-\u00a9-Joerg-Farys-9-768x530.jpg 768w, https:\/\/lsv-p4f.de\/wp-content\/uploads\/2023\/05\/PK-EU-Mercosur-230522-\u00a9-Joerg-Farys-9-1536x1059.jpg 1536w, https:\/\/lsv-p4f.de\/wp-content\/uploads\/2023\/05\/PK-EU-Mercosur-230522-\u00a9-Joerg-Farys-9-2048x1412.jpg 2048w\" sizes=\"(max-width: 1024px) 100vw, 1024px\" \/><\/figure>\n\n\n\n<figure class=\"wp-block-image size-large\"><img loading=\"lazy\" decoding=\"async\" width=\"683\" height=\"1024\" data-id=\"322\" src=\"https:\/\/lsv-p4f.de\/wp-content\/uploads\/2023\/05\/PK-EU-Mercosur-230522-\u00a9-Joerg-Farys-8-683x1024.jpg\" alt=\"\" class=\"wp-image-322\" srcset=\"https:\/\/lsv-p4f.de\/wp-content\/uploads\/2023\/05\/PK-EU-Mercosur-230522-\u00a9-Joerg-Farys-8-683x1024.jpg 683w, https:\/\/lsv-p4f.de\/wp-content\/uploads\/2023\/05\/PK-EU-Mercosur-230522-\u00a9-Joerg-Farys-8-200x300.jpg 200w, https:\/\/lsv-p4f.de\/wp-content\/uploads\/2023\/05\/PK-EU-Mercosur-230522-\u00a9-Joerg-Farys-8-768x1152.jpg 768w, https:\/\/lsv-p4f.de\/wp-content\/uploads\/2023\/05\/PK-EU-Mercosur-230522-\u00a9-Joerg-Farys-8-1024x1536.jpg 1024w, https:\/\/lsv-p4f.de\/wp-content\/uploads\/2023\/05\/PK-EU-Mercosur-230522-\u00a9-Joerg-Farys-8-1365x2048.jpg 1365w, https:\/\/lsv-p4f.de\/wp-content\/uploads\/2023\/05\/PK-EU-Mercosur-230522-\u00a9-Joerg-Farys-8-scaled.jpg 1707w\" sizes=\"(max-width: 683px) 100vw, 683px\" \/><\/figure>\n\n\n\n<figure class=\"wp-block-image size-large\"><img loading=\"lazy\" decoding=\"async\" width=\"683\" height=\"1024\" data-id=\"325\" src=\"https:\/\/lsv-p4f.de\/wp-content\/uploads\/2023\/05\/PK-EU-Mercosur-230522-\u00a9-Joerg-Farys-2-683x1024.jpg\" alt=\"\" class=\"wp-image-325\" srcset=\"https:\/\/lsv-p4f.de\/wp-content\/uploads\/2023\/05\/PK-EU-Mercosur-230522-\u00a9-Joerg-Farys-2-683x1024.jpg 683w, https:\/\/lsv-p4f.de\/wp-content\/uploads\/2023\/05\/PK-EU-Mercosur-230522-\u00a9-Joerg-Farys-2-200x300.jpg 200w, https:\/\/lsv-p4f.de\/wp-content\/uploads\/2023\/05\/PK-EU-Mercosur-230522-\u00a9-Joerg-Farys-2-768x1151.jpg 768w, https:\/\/lsv-p4f.de\/wp-content\/uploads\/2023\/05\/PK-EU-Mercosur-230522-\u00a9-Joerg-Farys-2-1025x1536.jpg 1025w\" sizes=\"(max-width: 683px) 100vw, 683px\" \/><\/figure>\n\n\n\n<figure class=\"wp-block-image size-large\"><img loading=\"lazy\" decoding=\"async\" width=\"1024\" height=\"683\" data-id=\"326\" src=\"https:\/\/lsv-p4f.de\/wp-content\/uploads\/2023\/05\/PK-EU-Mercosur-230522-\u00a9-Joerg-Farys-3-1024x683.jpg\" alt=\"\" class=\"wp-image-326\" srcset=\"https:\/\/lsv-p4f.de\/wp-content\/uploads\/2023\/05\/PK-EU-Mercosur-230522-\u00a9-Joerg-Farys-3-1024x683.jpg 1024w, https:\/\/lsv-p4f.de\/wp-content\/uploads\/2023\/05\/PK-EU-Mercosur-230522-\u00a9-Joerg-Farys-3-300x200.jpg 300w, https:\/\/lsv-p4f.de\/wp-content\/uploads\/2023\/05\/PK-EU-Mercosur-230522-\u00a9-Joerg-Farys-3-768x512.jpg 768w, https:\/\/lsv-p4f.de\/wp-content\/uploads\/2023\/05\/PK-EU-Mercosur-230522-\u00a9-Joerg-Farys-3-1536x1025.jpg 1536w\" sizes=\"(max-width: 1024px) 100vw, 1024px\" \/><\/figure>\n\n\n\n<figure class=\"wp-block-image size-large\"><img loading=\"lazy\" decoding=\"async\" width=\"1024\" height=\"683\" data-id=\"328\" src=\"https:\/\/lsv-p4f.de\/wp-content\/uploads\/2023\/05\/PK-EU-Mercosur-230522-\u00a9-Joerg-Farys-4-1024x683.jpg\" alt=\"\" class=\"wp-image-328\" srcset=\"https:\/\/lsv-p4f.de\/wp-content\/uploads\/2023\/05\/PK-EU-Mercosur-230522-\u00a9-Joerg-Farys-4-1024x683.jpg 1024w, https:\/\/lsv-p4f.de\/wp-content\/uploads\/2023\/05\/PK-EU-Mercosur-230522-\u00a9-Joerg-Farys-4-300x200.jpg 300w, https:\/\/lsv-p4f.de\/wp-content\/uploads\/2023\/05\/PK-EU-Mercosur-230522-\u00a9-Joerg-Farys-4-768x512.jpg 768w, https:\/\/lsv-p4f.de\/wp-content\/uploads\/2023\/05\/PK-EU-Mercosur-230522-\u00a9-Joerg-Farys-4-1536x1025.jpg 1536w\" sizes=\"(max-width: 1024px) 100vw, 1024px\" \/><\/figure>\n\n\n\n<figure class=\"wp-block-image size-large\"><img loading=\"lazy\" decoding=\"async\" width=\"1024\" height=\"683\" data-id=\"329\" src=\"https:\/\/lsv-p4f.de\/wp-content\/uploads\/2023\/05\/PK-EU-Mercosur-230522-\u00a9-Joerg-Farys-1024x683.jpg\" alt=\"\" class=\"wp-image-329\" srcset=\"https:\/\/lsv-p4f.de\/wp-content\/uploads\/2023\/05\/PK-EU-Mercosur-230522-\u00a9-Joerg-Farys-1024x683.jpg 1024w, https:\/\/lsv-p4f.de\/wp-content\/uploads\/2023\/05\/PK-EU-Mercosur-230522-\u00a9-Joerg-Farys-300x200.jpg 300w, https:\/\/lsv-p4f.de\/wp-content\/uploads\/2023\/05\/PK-EU-Mercosur-230522-\u00a9-Joerg-Farys-768x512.jpg 768w, https:\/\/lsv-p4f.de\/wp-content\/uploads\/2023\/05\/PK-EU-Mercosur-230522-\u00a9-Joerg-Farys-1536x1025.jpg 1536w\" sizes=\"(max-width: 1024px) 100vw, 1024px\" \/><\/figure>\n\n\n<\/figure>\n","protected":false},"excerpt":{"rendered":"<p>Auf dieser Seite finden Sie f\u00fcr die Presse zusammengestelltes Material. Zur Mobilisierungseite, die den Aufruf zum Mitmachen bei den n\u00e4chsten Aktionstagen enth\u00e4lt, geht es hier lang: Aktion Presseschau taz &#8211; die tageszeitung https:\/\/taz.de\/Allianz-gegen-Freihandelsabkommen\/!5933270\/ land und forst https:\/\/www.landundforst.de\/landwirtschaft\/agrarpolitik\/fridays-for-future-landwirte-gemeinsam-gegen-mercosur-abkommen-569420 topagrar onlinehttps:\/\/www.topagrar.com\/management-und-politik\/news\/mercosur-abkommen-mitte-juli-unter-dach-und-fach-landwirte-besorgt-13390235.html topagrar Instagram Posthttps:\/\/www.instagram.com\/p\/CsjOoihNx35\/?igshid=MTc4MmM1YmI2Ng== nd aktuellhttps:\/\/www.nd-aktuell.de\/artikel\/1173426.freihandelsabkommen-eu-mercosur-abkommen-freihandel-auf-kosten-aller.html agrarzeitunghttps:\/\/www.agrarzeitung.de\/nachrichten\/politik\/klima-und-landwirtschaft-fridays-for-future-kooperiert-mit-lsv-107080?crefresh=1 agrarheutehttps:\/\/www.agrarheute.com\/politik\/fridays-for-future-landwirte-gemeinsam-gegen-mercosur-abkommen-607093 pressenza (international press agency) Berlinhttps:\/\/www.pressenza.com\/de\/2023\/05\/gemeinsam-gegen-das-eu-mercosur-abkommen-gemeinsame-proteste-von-landwirtinnen-und-klimaaktivistinnen\/ Lokalteil Meppener Tagespost Hintergrund Auf unterschiedliche Art und Weise &#8211; so hat der 3. Klima Dialog von LSV und P4F es in seiner Veranstaltung zum EU Mercosur Abkommen auch dargestellt &#8211; widerspricht eine Ratifizierung des EU-Mercosur-Abkommen den Versprechungen des Schutzes der deutschen Landwirtschaft und von effektivem Klimaschutz. Ohne \u00dcberraschung wird das Abkommen in seiner jetzigen Form von weiten Teilen der Gesellschaft abgelehnt, da Gro\u00dfkonzerne profitieren und wieder einmal Mensch und Natur darunter leiden werden. Es ist weiterhin nicht abzusehen, dass eine \u00dcbereinstimmung des EU-Mercosur Abkommens mit dem Pariser Klimaabkommen in rechtlich abgesicherter Form sichergestellt ist, im Gegenteil. Da hier&hellip;<\/p>\n<p> <a class=\"more-link\" href=\"https:\/\/lsv-p4f.de\/index.php\/eu-mercosur-kein-deal-fur-klima-landwirtschaft-presse\/\">Read more<\/a><\/p>\n","protected":false},"author":1,"featured_media":322,"parent":0,"menu_order":0,"comment_status":"closed","ping_status":"closed","template":"","meta":{"footnotes":""},"_links":{"self":[{"href":"https:\/\/lsv-p4f.de\/index.php\/wp-json\/wp\/v2\/pages\/243"}],"collection":[{"href":"https:\/\/lsv-p4f.de\/index.php\/wp-json\/wp\/v2\/pages"}],"about":[{"href":"https:\/\/lsv-p4f.de\/index.php\/wp-json\/wp\/v2\/types\/page"}],"author":[{"embeddable":true,"href":"https:\/\/lsv-p4f.de\/index.php\/wp-json\/wp\/v2\/users\/1"}],"replies":[{"embeddable":true,"href":"https:\/\/lsv-p4f.de\/index.php\/wp-json\/wp\/v2\/comments?post=243"}],"version-history":[{"count":21,"href":"https:\/\/lsv-p4f.de\/index.php\/wp-json\/wp\/v2\/pages\/243\/revisions"}],"predecessor-version":[{"id":417,"href":"https:\/\/lsv-p4f.de\/index.php\/wp-json\/wp\/v2\/pages\/243\/revisions\/417"}],"wp:featuredmedia":[{"embeddable":true,"href":"https:\/\/lsv-p4f.de\/index.php\/wp-json\/wp\/v2\/media\/322"}],"wp:attachment":[{"href":"https:\/\/lsv-p4f.de\/index.php\/wp-json\/wp\/v2\/media?parent=243"}],"curies":[{"name":"wp","href":"https:\/\/api.w.org\/{rel}","templated":true}]}}