{"id":17,"date":"2022-11-15T15:24:00","date_gmt":"2022-11-15T15:24:00","guid":{"rendered":"https:\/\/lsv-p4f.de\/?page_id=17"},"modified":"2023-02-19T12:56:09","modified_gmt":"2023-02-19T12:56:09","slug":"agri-pv","status":"publish","type":"page","link":"https:\/\/lsv-p4f.de\/index.php\/agri-pv\/","title":{"rendered":"Agri PV"},"content":{"rendered":"<div class=\"wp-block-image\">\n<figure class=\"alignleft size-large is-resized\"><img loading=\"lazy\" decoding=\"async\" src=\"https:\/\/lsv-p4f.de\/wp-content\/uploads\/2023\/01\/Agri_PV_141022_x-1024x1024.jpg\" alt=\"\" class=\"wp-image-79\" width=\"512\" height=\"512\" srcset=\"https:\/\/lsv-p4f.de\/wp-content\/uploads\/2023\/01\/Agri_PV_141022_x-1024x1024.jpg 1024w, https:\/\/lsv-p4f.de\/wp-content\/uploads\/2023\/01\/Agri_PV_141022_x-300x300.jpg 300w, https:\/\/lsv-p4f.de\/wp-content\/uploads\/2023\/01\/Agri_PV_141022_x-150x150.jpg 150w, https:\/\/lsv-p4f.de\/wp-content\/uploads\/2023\/01\/Agri_PV_141022_x-768x768.jpg 768w, https:\/\/lsv-p4f.de\/wp-content\/uploads\/2023\/01\/Agri_PV_141022_x-1536x1536.jpg 1536w, https:\/\/lsv-p4f.de\/wp-content\/uploads\/2023\/01\/Agri_PV_141022_x-2048x2048.jpg 2048w\" sizes=\"(max-width: 512px) 100vw, 512px\" \/><\/figure><\/div>\n\n\n<p>Die Gespr\u00e4chsreihe startete am Freitag, 14. Oktober 2022, um 20 Uhr mit dem Thema <\/p>\n\n\n\n<p class=\"has-text-align-left\"><strong>\u201eKlimaschutz per Agri-Photovoltaik (Agri-PV)\u201c<\/strong>. <\/p>\n\n\n\n<p>Mit Agri-PV-Anlagen werden Anbaufl\u00e4chen beispielsweise f\u00fcr Getreide oder Obst \u00fcberbaut, die<br>Solarstrom erzeugen und gleichzeitig als Wind- und Lichtschutz f\u00fcr Pflanzen dienen. Hier liegen<br>gro\u00dfe Potentiale, um in Zeiten explodierender Energiepreise \u00d6l, Gas, Diesel und Strom aus fossilen<br>und atomaren Kraftwerken durch Erneuerbare Energien zu ersetzen.<\/p>\n\n\n\n<p><br>Dr. Matthias Meier-Gr\u00fcll vom Forschungszentrum J\u00fclich gab einen fachlichen Input und<br>Anlagenbauer Burghard Hesse einen technischen. <\/p>\n\n\n\n<p>Hesse berichtete von seinen Erfahrungen beim Aufbau und den Genehmigungsverfahren einer Agri-PV-Anlage. Meier-Gr\u00fcll besch\u00e4ftigt sich im Innovationslabor Bio\u00f6konomieREVIER mit der Koppelung von Photovoltaik und Pflanzenproduktion (AgriFEe) und berichtete von den von ihm betreuten Pilotprojekten. Im Anschluss tauschten sich die Teilnehmenden in Kleingruppen aus und abschlie\u00dfend wurden offene Fragen gekl\u00e4rt.<\/p>\n\n\n\n<p><strong>Im Nachgang der Veranstaltung haben wir einen Forderungskatalog an Politik und Verwaltung erarbeitet.<\/strong><br><a rel=\"noreferrer noopener\" href=\"https:\/\/www.sat1regional.de\/klimaschutz-in-niedersachsen-umweltschuetzer-und-landwirtschaftsvertreter-uebergeben-forderungskatalog\/\" data-type=\"URL\" data-id=\"https:\/\/www.sat1regional.de\/klimaschutz-in-niedersachsen-umweltschuetzer-und-landwirtschaftsvertreter-uebergeben-forderungskatalog\/\" target=\"_blank\">Hier<\/a> ein Fernsehbericht (SAT1) von der \u00dcbergabe der Forderungen an Wirtschaftsminister Olaf Lies am 15.12.2022, <a rel=\"noreferrer noopener\" href=\"https:\/\/climatejustice.global\/@parents4future\/109522954311748801\" target=\"_blank\">hier<\/a> ein Tweet dazu auf dem Twitter-Kanal von P4F.<br><a rel=\"noreferrer noopener\" href=\"https:\/\/www.parentsforfuture.de\/de\/pm-agri-pv\" target=\"_blank\">Hier <\/a>unsere PM zum Thema Agri-PV.<\/p>\n\n\n\n<p><strong>Im Folgenden stellen wir eine Aufzeichnung und die Folien der beiden Vortr\u00e4ge sowie die &#8222;Fragen und Antworten aus dem Chat&#8220; zur Verf\u00fcgung<\/strong>. (Ganz unten auf dieser Seite findet ihr weitere Informationen zum Thema)<\/p>\n\n\n\n<p><a href=\"https:\/\/lsv-p4f.de\/index.php\/downloads\/\" data-type=\"URL\" data-id=\"https:\/\/lsv-p4f.de\/index.php\/downloads\/\">Link zur Aufzeichnung des Vortrags<\/a> (YouTube-Kanal des LsV) <\/p>\n\n\n\n<p><strong>Vortrags-Folien &#8222;Agri-Horti-Photovoltaik&#8220;<\/strong>, Dr. Matthias Meier-Gr\u00fcll, Forschungszentrum J\u00fclich<\/p>\n\n\n\n<div data-wp-interactive=\"\" class=\"wp-block-file\"><object data-wp-bind--hidden=\"!selectors.core.file.hasPdfPreview\" hidden class=\"wp-block-file__embed\" data=\"https:\/\/lsv-p4f.de\/wp-content\/uploads\/2022\/11\/2022-10-14_APV_Vortrag_Meier_Gruell_Parents_for_Future_221014_weitergeleitet.pdf\" type=\"application\/pdf\" style=\"width:100%;height:600px\" aria-label=\"Einbettung von 2022-10-14_APV_Vortrag_Meier_Gruell_Parents_for_Future_221014_weitergeleitet.\"><\/object><a id=\"wp-block-file--media-51cdbae9-0113-4d43-930b-9086c963bda2\" href=\"https:\/\/lsv-p4f.de\/wp-content\/uploads\/2022\/11\/2022-10-14_APV_Vortrag_Meier_Gruell_Parents_for_Future_221014_weitergeleitet.pdf\">2022-10-14_APV_Vortrag_Meier_Gruell_Parents_for_Future_221014_weitergeleitet<\/a><a href=\"https:\/\/lsv-p4f.de\/wp-content\/uploads\/2022\/11\/2022-10-14_APV_Vortrag_Meier_Gruell_Parents_for_Future_221014_weitergeleitet.pdf\" class=\"wp-block-file__button wp-element-button\" download aria-describedby=\"wp-block-file--media-51cdbae9-0113-4d43-930b-9086c963bda2\">Herunterladen<\/a><\/div>\n\n\n\n<p><strong>Fragen und Antworten aus dem Chat<\/strong><\/p>\n\n\n\n<div data-wp-interactive=\"\" class=\"wp-block-file\"><object data-wp-bind--hidden=\"!selectors.core.file.hasPdfPreview\" hidden class=\"wp-block-file__embed\" data=\"https:\/\/lsv-p4f.de\/wp-content\/uploads\/2022\/11\/2022-10-23_Chatfragen_und_Antworten_Agri-PV.pdf\" type=\"application\/pdf\" style=\"width:100%;height:600px\" aria-label=\"Einbettung von 2022-10-23_Chatfragen_und_Antworten_Agri-PV.\"><\/object><a id=\"wp-block-file--media-1e5a75d2-dcd6-43f9-8ed2-b7aa0463c80e\" href=\"https:\/\/lsv-p4f.de\/wp-content\/uploads\/2022\/11\/2022-10-23_Chatfragen_und_Antworten_Agri-PV.pdf\">2022-10-23_Chatfragen_und_Antworten_Agri-PV<\/a><a href=\"https:\/\/lsv-p4f.de\/wp-content\/uploads\/2022\/11\/2022-10-23_Chatfragen_und_Antworten_Agri-PV.pdf\" class=\"wp-block-file__button wp-element-button\" download aria-describedby=\"wp-block-file--media-1e5a75d2-dcd6-43f9-8ed2-b7aa0463c80e\">Herunterladen<\/a><\/div>\n\n\n\n<p><\/p>\n\n\n\n<p><strong>Weitere Informationen zu Agri-Photovoltaik in Niedersachsen<\/strong><\/p>\n\n\n\n<p>Es gibt neben der \u201eSchafbeweidung unter Modulen\u201c und hoch aufgest\u00e4nderten Anlagen weitere M\u00f6glichkeiten f\u00fcr PV auf dem Acker. So ist zwischen Bremen und Hannover eine Demonstrations- und Forschungsanlage mit senkrechten statt mit herk\u00f6mmlichen vertikalen Modulen geplant.<br><a href=\"https:\/\/www.topagrar.com\/energie\/news\/agri-photovoltaik-pilotprojekt-mit-senkrechten-modulen-in-doerverden-13083979.html\" data-type=\"URL\" data-id=\"https:\/\/www.topagrar.com\/energie\/news\/agri-photovoltaik-pilotprojekt-mit-senkrechten-modulen-in-doerverden-13083979.html\" target=\"_blank\" rel=\"noreferrer noopener\">Zur Pressemeldung.<\/a><\/p>\n\n\n\n<p>Die Studie \u201eIntegration von Solarenergie in die nieders\u00e4chsische Energielandschaft\u201c evaluiert ab Seite 27 aktuelle und zuk\u00fcnftige M\u00f6glichkeiten zur &#8222;Kombinierten Solar-Agrar-Nutzung in Niedersachsen\u201c.<br><a href=\"https:\/\/www.umwelt.uni-hannover.de\/de\/forschung\/forschungsprojekte\/forschungsprojekt-detailansicht\/projects\/integration-von-solarenergie-in-die-niedersaechsische-energielandschaft-inside\/\" data-type=\"URL\" data-id=\"https:\/\/www.umwelt.uni-hannover.de\/de\/forschung\/forschungsprojekte\/forschungsprojekt-detailansicht\/projects\/integration-von-solarenergie-in-die-niedersaechsische-energielandschaft-inside\/\" target=\"_blank\" rel=\"noreferrer noopener\">Zur Studie.<\/a><\/p>\n\n\n\n<p>Die Enervis-Studie zu netzdienlichen Solaranlagen best\u00e4tigt, dass der Ursprung des Next2Sun-Systems &#8211; Ost-und Westausrichtung eines bifacialen Moduls f\u00fcr Stromproduktion morgens und abends &#8211; seitens des Stromnetzes die Energiewende erleichtert.<br><a href=\"https:\/\/enervis.de\/leistung\/analyse-innovativer-anlagendesigns-fuer-ein-strommarktoptimiertes-pv-portfolio\/\" data-type=\"URL\" data-id=\"https:\/\/enervis.de\/leistung\/analyse-innovativer-anlagendesigns-fuer-ein-strommarktoptimiertes-pv-portfolio\/\" target=\"_blank\" rel=\"noreferrer noopener\">Zur Studie.<\/a><\/p>\n","protected":false},"excerpt":{"rendered":"<p>Die Gespr\u00e4chsreihe startete am Freitag, 14. Oktober 2022, um 20 Uhr mit dem Thema \u201eKlimaschutz per Agri-Photovoltaik (Agri-PV)\u201c. Mit Agri-PV-Anlagen werden Anbaufl\u00e4chen beispielsweise f\u00fcr Getreide oder Obst \u00fcberbaut, dieSolarstrom erzeugen und gleichzeitig als Wind- und Lichtschutz f\u00fcr Pflanzen dienen. Hier liegengro\u00dfe Potentiale, um in Zeiten explodierender Energiepreise \u00d6l, Gas, Diesel und Strom aus fossilenund atomaren Kraftwerken durch Erneuerbare Energien zu ersetzen. Dr. Matthias Meier-Gr\u00fcll vom Forschungszentrum J\u00fclich gab einen fachlichen Input undAnlagenbauer Burghard Hesse einen technischen. Hesse berichtete von seinen Erfahrungen beim Aufbau und den Genehmigungsverfahren einer Agri-PV-Anlage. Meier-Gr\u00fcll besch\u00e4ftigt sich im Innovationslabor Bio\u00f6konomieREVIER mit der Koppelung von Photovoltaik und Pflanzenproduktion (AgriFEe) und berichtete von den von ihm betreuten Pilotprojekten. Im Anschluss tauschten sich die Teilnehmenden in Kleingruppen aus und abschlie\u00dfend wurden offene Fragen gekl\u00e4rt. Im Nachgang der Veranstaltung haben wir einen Forderungskatalog an Politik und Verwaltung erarbeitet.Hier ein Fernsehbericht (SAT1) von der \u00dcbergabe der Forderungen an Wirtschaftsminister Olaf Lies&hellip;<\/p>\n<p> <a class=\"more-link\" href=\"https:\/\/lsv-p4f.de\/index.php\/agri-pv\/\">Read more<\/a><\/p>\n","protected":false},"author":1,"featured_media":168,"parent":0,"menu_order":0,"comment_status":"closed","ping_status":"closed","template":"","meta":{"footnotes":""},"_links":{"self":[{"href":"https:\/\/lsv-p4f.de\/index.php\/wp-json\/wp\/v2\/pages\/17"}],"collection":[{"href":"https:\/\/lsv-p4f.de\/index.php\/wp-json\/wp\/v2\/pages"}],"about":[{"href":"https:\/\/lsv-p4f.de\/index.php\/wp-json\/wp\/v2\/types\/page"}],"author":[{"embeddable":true,"href":"https:\/\/lsv-p4f.de\/index.php\/wp-json\/wp\/v2\/users\/1"}],"replies":[{"embeddable":true,"href":"https:\/\/lsv-p4f.de\/index.php\/wp-json\/wp\/v2\/comments?post=17"}],"version-history":[{"count":15,"href":"https:\/\/lsv-p4f.de\/index.php\/wp-json\/wp\/v2\/pages\/17\/revisions"}],"predecessor-version":[{"id":445,"href":"https:\/\/lsv-p4f.de\/index.php\/wp-json\/wp\/v2\/pages\/17\/revisions\/445"}],"wp:featuredmedia":[{"embeddable":true,"href":"https:\/\/lsv-p4f.de\/index.php\/wp-json\/wp\/v2\/media\/168"}],"wp:attachment":[{"href":"https:\/\/lsv-p4f.de\/index.php\/wp-json\/wp\/v2\/media?parent=17"}],"curies":[{"name":"wp","href":"https:\/\/api.w.org\/{rel}","templated":true}]}}